{"id":13,"date":"2020-10-08T14:07:56","date_gmt":"2020-10-08T14:07:56","guid":{"rendered":"https:\/\/erasmus-esl.pt\/BussolaEstudantil\/?page_id=13"},"modified":"2024-01-24T17:22:48","modified_gmt":"2024-01-24T17:22:48","slug":"sobre","status":"publish","type":"page","link":"https:\/\/erasmus-esl.pt\/BussolaEstudantil\/sobre\/","title":{"rendered":"Sobre"},"content":{"rendered":"<div class=\"vce-row-container\" data-vce-boxed-width=\"true\"><div class=\"vce-row vce-row--col-gap-30 vce-row-equal-height vce-row-columns--top vce-row-content--top\" id=\"el-697a3ad2\" data-vce-do-apply=\"all el-697a3ad2\"><div class=\"vce-row-content\" data-vce-element-content=\"true\"><div class=\"vce-col vce-col--md-auto vce-col--xs-1 vce-col--xs-last vce-col--xs-first vce-col--sm-last vce-col--sm-first vce-col--md-last vce-col--lg-last vce-col--xl-last vce-col--md-first vce-col--lg-first vce-col--xl-first\" id=\"el-9937b408\"><div class=\"vce-col-inner\" data-vce-do-apply=\"border margin background  el-9937b408\"><div class=\"vce-col-content\" data-vce-element-content=\"true\" data-vce-do-apply=\"padding el-9937b408\"><div class=\"vce-text-block\"><div class=\"vce-text-block-wrapper vce\" id=\"el-8396dc59\" data-vce-do-apply=\"all el-8396dc59\">\n<figure class=\"wp-block-image size-large\"><img class=\"wp-image-294\" src=\"..\/wp-content\/uploads\/2020\/11\/Logo-Bussola-estudantil_e-1024x319.png\" alt=\"\"><\/figure>\n<p>A B\u00fassola Estudantil \u00e9 um jornal da Biblioteca Escolar da Escola Secund\u00e1ria de Loul\u00e9, que surgiu sob a forma impressa em 2010.<\/p>\n<p>Em 2018, a B\u00fassola Estudantil transitou para o presente formato<em> online<\/em>, alargando o \u00e2mbito e a natureza dos conte\u00fados publicados, com a introdu\u00e7\u00e3o de v\u00eddeo e podcasts, nomeadamente.<br>A B\u00fassola Estudantil \u00e9 o resultado do trabalho colaborativo da equipa da Biblioteca Escolar que a atualiza e gere, e encontra-se aberta a toda a Comunidade Educativa que pode contribuir com a produ\u00e7\u00e3o de conte\u00fados escritos e multim\u00e9dia.<br>A equipa \u00e9 constitu\u00edda por:<br>J\u00falio Ribeiro, professor bibliotec\u00e1rio;<br>Maria Ermelinda Travia, professora de Fran\u00e7\u00eas;<br>C\u00e1tia Silva, professora de portugu\u00eas;<br>Lina campos, Professora de Matem\u00e1tica;<br>e alunos do clube de jornalismo.<\/p>\n\n<p>&nbsp;<\/p>\n<p><iframe style=\"border: 0;\" tabindex=\"0\" src=\"https:\/\/www.google.com\/maps\/embed?pb=!1m18!1m12!1m3!1d3180.4267844378674!2d-8.019385285209927!3d37.14255025605398!2m3!1f0!2f0!3f0!3m2!1i1024!2i768!4f13.1!3m3!1m2!1s0xd1ab10550ea2399%3A0xf28f3e45e6e1e889!2sEscola%20Secund%C3%A1ria%20de%20Loul%C3%A9!5e0!3m2!1spt-PT!2spt!4v1605185202269!5m2!1spt-PT!2spt\" width=\"600\" height=\"450\" frameborder=\"0\" allowfullscreen=\"\" aria-hidden=\"false\"><\/iframe><\/p>\n<p>&nbsp;<\/p>\n<p>&nbsp;<\/p>\n<p>&nbsp;<\/p>\n<p>&nbsp;<\/p>\n<p>&nbsp;<\/p>\n<p>&nbsp;<\/p>\n<p>&nbsp;<\/p>\n<\/div><\/div><\/div><\/div><\/div><\/div><\/div><\/div>","protected":false},"excerpt":{"rendered":"<p>&nbsp;<\/p>\n","protected":false},"author":1,"featured_media":0,"parent":0,"menu_order":0,"comment_status":"closed","ping_status":"closed","template":"","meta":{"footnotes":""},"class_list":["post-13","page","type-page","status-publish","hentry"],"_links":{"self":[{"href":"https:\/\/erasmus-esl.pt\/BussolaEstudantil\/wp-json\/wp\/v2\/pages\/13","targetHints":{"allow":["GET"]}}],"collection":[{"href":"https:\/\/erasmus-esl.pt\/BussolaEstudantil\/wp-json\/wp\/v2\/pages"}],"about":[{"href":"https:\/\/erasmus-esl.pt\/BussolaEstudantil\/wp-json\/wp\/v2\/types\/page"}],"author":[{"embeddable":true,"href":"https:\/\/erasmus-esl.pt\/BussolaEstudantil\/wp-json\/wp\/v2\/users\/1"}],"replies":[{"embeddable":true,"href":"https:\/\/erasmus-esl.pt\/BussolaEstudantil\/wp-json\/wp\/v2\/comments?post=13"}],"version-history":[{"count":9,"href":"https:\/\/erasmus-esl.pt\/BussolaEstudantil\/wp-json\/wp\/v2\/pages\/13\/revisions"}],"predecessor-version":[{"id":2519,"href":"https:\/\/erasmus-esl.pt\/BussolaEstudantil\/wp-json\/wp\/v2\/pages\/13\/revisions\/2519"}],"wp:attachment":[{"href":"https:\/\/erasmus-esl.pt\/BussolaEstudantil\/wp-json\/wp\/v2\/media?parent=13"}],"curies":[{"name":"wp","href":"https:\/\/api.w.org\/{rel}","templated":true}]}}